{"id":40,"date":"2013-03-22T15:46:06","date_gmt":"2013-03-22T14:46:06","guid":{"rendered":"http:\/\/www.annaclarehauf.at\/wp_anna\/?page_id=40"},"modified":"2019-04-24T11:50:02","modified_gmt":"2019-04-24T09:50:02","slug":"presse","status":"publish","type":"page","link":"http:\/\/www.annaclarehauf.at\/wp_anna\/presse","title":{"rendered":"Presse"},"content":{"rendered":"<p><a href=\"http:\/\/www.annaclarehauf.at\/wp_anna\/wp-content\/uploads\/2013\/04\/anna_hauf_pressefoto3.jpg\"><img loading=\"lazy\" decoding=\"async\" class=\"size-full wp-image-270 alignnone\" style=\"margin-right: 10px; margin-bottom: 10px; border: 1px solid #990033;\" src=\"http:\/\/www.annaclarehauf.at\/wp_anna\/wp-content\/uploads\/2013\/04\/anna_hauf_11kl.jpg\" alt=\"anna clare hauf \/ pressefoto\" width=\"150\" height=\"150\" \/><\/a><a href=\"http:\/\/www.annaclarehauf.at\/wp_anna\/wp-content\/uploads\/2013\/04\/anna_hauf_pressefoto1.jpg\"><img loading=\"lazy\" decoding=\"async\" class=\"size-full wp-image-270 alignnone\" style=\"margin-right: 10px; margin-bottom: 10px; border: 1px solid #990033;\" src=\"http:\/\/www.annaclarehauf.at\/wp_anna\/wp-content\/uploads\/2013\/04\/anna_hauf_05kl.jpg\" alt=\"anna clare hauf \/ pressefoto\" width=\"150\" height=\"150\" \/><\/a><a href=\"http:\/\/www.annaclarehauf.at\/wp_anna\/wp-content\/uploads\/2013\/04\/anna_hauf_pressefoto4.jpg\"><img loading=\"lazy\" decoding=\"async\" class=\"size-full wp-image-270 alignnone\" style=\"margin-right: 10px; margin-bottom: 10px; border: 1px solid #990033;\" src=\"http:\/\/www.annaclarehauf.at\/wp_anna\/wp-content\/uploads\/2013\/04\/anna_hauf_02kl.jpg\" alt=\"anna clare hauf \/ pressefoto\" width=\"150\" height=\"150\" \/><\/a><\/p>\n<p><a href=\"http:\/\/www.annaclarehauf.at\/wp_anna\/wp-content\/uploads\/2013\/10\/annahauf_pressefotos.zip\">3 Pressefotos.zip<\/a>\u00a0(300 dpi \/ 7 MB)<\/p>\n<p><a href=\"http:\/\/www.annaclarehauf.at\/wp_anna\/wp-content\/uploads\/2013\/04\/BiographieDownload_Anna_Clare_Hauf.pdf\" target=\"_blank\" rel=\"noopener noreferrer\">Lebenslauf Download (pdf)<\/a><\/p>\n<p><span style=\"color: #990033;\"><strong>Kritiken<\/strong><\/span><\/p>\n<p>&#8230; w\u00e4hrend Probandin Anna Hauf h\u00f6chst eindrucksvoll grandiose vokalen Mixturen in die Waagschale wirft, permanenter Farbwechsel in den Jazz-Vocals, dunkel timbrierte, pl\u00e4rrende Musical-T\u00f6ne, volksliedhaft Schlichtes und wechselweise naiv Operetten\u00e4hnliches und opernhafter Aplomb. Die rhythmisch vibrierende Begleitung kommt vom Kontrabass, Schlagzeug und Keyboard.<br \/>\n<span style=\"color: #990033;\"><i>(Kritik von Egon Bezold \/ <a href=\"http:\/\/www.opernnetz.de\" target=\"_blank\" rel=\"noopener noreferrer\">www.opernnetz.de<\/a>)<\/i><\/span><\/p>\n<p>die S\u00e4ngerin Anna Clare Hauf brilliert, belustigt und ber\u00fchrt mit Marienliedern. Ein begl\u00fcckender Abend!<br \/>\n<span style=\"color: #990033;\"><em>(Isabella Pohl\/DER STANDARD-Printausgabe, 17.9.2010)<\/em><\/span><\/p>\n<p>Anna Clare Haufs Partie lag ein Gedicht von Emily Dickinson zugrunde, das in Silben und Laute zerlegt war: unheimliche Laute, Klopfen auf den Brustkorb, Ann\u00e4herungen an die langgezogenen T\u00f6ne des Akkordeons (Krassimir Sterev). Mit Lorelei Dowling am Fagott war dieses ungew\u00f6hnlich besetzte Quartett komplett und hinterlie\u00df einen tiefen Eindruck auf das \u2013 leider sehr sp\u00e4rlich erschienene \u2013 Publikum.<br \/>\n<span style=\"color: #990033;\"><i>(magazin.klassik.com, Kritik von Marie-Therese Rudolph)<\/i><\/span><\/p>\n<p>Die gro\u00dfartige S\u00e4ngerin Anna Clare Hauf erzeugt zudem unglaubliche Stimmungsbilder, lotet dabei menschliche Reize und Naturger\u00e4usche aus und \u00fcberzeugt auch als dritte Darstellerin. &#8230;<br \/>\n<span style=\"color: #990033;\"><i>(Kulturwoche, Manfred Horak)<\/i><\/span><\/p>\n","protected":false},"excerpt":{"rendered":"<p>3 Pressefotos.zip\u00a0(300 dpi \/ 7 MB) Lebenslauf Download (pdf) Kritiken &#8230; w\u00e4hrend Probandin Anna Hauf h\u00f6chst eindrucksvoll grandiose vokalen Mixturen in die Waagschale wirft, permanenter Farbwechsel in den Jazz-Vocals, dunkel timbrierte, pl\u00e4rrende Musical-T\u00f6ne, volksliedhaft Schlichtes und wechselweise naiv Operetten\u00e4hnliches und &hellip; <a href=\"http:\/\/www.annaclarehauf.at\/wp_anna\/presse\">Weiterlesen <span class=\"meta-nav\">&rarr;<\/span><\/a><\/p>\n","protected":false},"author":1,"featured_media":0,"parent":0,"menu_order":60,"comment_status":"closed","ping_status":"closed","template":"","meta":{"footnotes":""},"class_list":["post-40","page","type-page","status-publish","hentry"],"aioseo_notices":[],"_links":{"self":[{"href":"http:\/\/www.annaclarehauf.at\/wp_anna\/wp-json\/wp\/v2\/pages\/40","targetHints":{"allow":["GET"]}}],"collection":[{"href":"http:\/\/www.annaclarehauf.at\/wp_anna\/wp-json\/wp\/v2\/pages"}],"about":[{"href":"http:\/\/www.annaclarehauf.at\/wp_anna\/wp-json\/wp\/v2\/types\/page"}],"author":[{"embeddable":true,"href":"http:\/\/www.annaclarehauf.at\/wp_anna\/wp-json\/wp\/v2\/users\/1"}],"replies":[{"embeddable":true,"href":"http:\/\/www.annaclarehauf.at\/wp_anna\/wp-json\/wp\/v2\/comments?post=40"}],"version-history":[{"count":52,"href":"http:\/\/www.annaclarehauf.at\/wp_anna\/wp-json\/wp\/v2\/pages\/40\/revisions"}],"predecessor-version":[{"id":857,"href":"http:\/\/www.annaclarehauf.at\/wp_anna\/wp-json\/wp\/v2\/pages\/40\/revisions\/857"}],"wp:attachment":[{"href":"http:\/\/www.annaclarehauf.at\/wp_anna\/wp-json\/wp\/v2\/media?parent=40"}],"curies":[{"name":"wp","href":"https:\/\/api.w.org\/{rel}","templated":true}]}}