{"id":32,"date":"2013-03-22T15:43:42","date_gmt":"2013-03-22T14:43:42","guid":{"rendered":"http:\/\/www.annaclarehauf.at\/wp_anna\/?page_id=32"},"modified":"2023-01-30T08:52:59","modified_gmt":"2023-01-30T07:52:59","slug":"lebenslauf","status":"publish","type":"page","link":"http:\/\/www.annaclarehauf.at\/wp_anna\/lebenslauf","title":{"rendered":"Lebenslauf"},"content":{"rendered":"<p><a href=\"http:\/\/www.annaclarehauf.at\/wp_anna\/wp-content\/uploads\/2013\/04\/anna_hauf_12.jpg\"><img loading=\"lazy\" decoding=\"async\" class=\"alignleft size-medium wp-image-271\" style=\"margin-right: 15px; border: 1px solid #990033;\" src=\"http:\/\/www.annaclarehauf.at\/wp_anna\/wp-content\/uploads\/2013\/04\/anna_hauf_12-246x350.jpg\" alt=\"anna clare hauf\" width=\"246\" height=\"350\" srcset=\"http:\/\/www.annaclarehauf.at\/wp_anna\/wp-content\/uploads\/2013\/04\/anna_hauf_12-246x350.jpg 246w, http:\/\/www.annaclarehauf.at\/wp_anna\/wp-content\/uploads\/2013\/04\/anna_hauf_12.jpg 352w\" sizes=\"auto, (max-width: 246px) 100vw, 246px\" \/><\/a>Die S\u00e4ngerin Anna Clare Hauf, in London geboren und in Wien aufgewachsen, studierte an der Universit\u00e4t f\u00fcr Musik und darstellende Kunst in Wien Gesang. Schwerpunkt ihrer Ausbildung bei Rotraud Hansmann und Charles Spencer war der Liedgesang.<\/p>\n<p>Ihre besondere Vorliebe gilt der Auseinandersetzung mit zeitgen\u00f6ssischer Musik, sowohl auf der Opernb\u00fchne als auch im Konzertsaal. So entstanden zahlreiche Zusammenarbeiten, vor allem mit der Neuen Oper Wien, dem Klangforum Wien, beim Festival Wien Modern, dem sirene Operntheater und dem Ensemble Mosaik.<\/p>\n<p>Anna Clare Hauf konzertierte u.a. mit dem RSO Wien, dem Nieder\u00f6sterreichischen Tonk\u00fcnstler-Orchester, der Camerata Salzburg, dem Ensemble Phace, dem Collegium Novum Z\u00fcrich, dem New Yorker Talea Ensemble und dem Ensemble Ictus.<\/p>\n<p>Als Urauff\u00fchrungen interpretierte sie Werke von Christian Muthspiel, Enno Poppe, Otto M. Zyan, Pierluigi Billone, Christof Dienz, Bernhard Lang, Kurt Schwertsik und Clemens Gadenst\u00e4tter.<\/p>\n<p>Ab dem Jahr 2009 \u00fcbernahm sie die Gesangspartie beim Vienna Art Orchestra.<br \/>\nAls singende Schauspielerin und Performerin gastiert Anna Hauf regelm\u00e4\u00dfig im Wiener Kabinetttheater, u.a. mit St\u00fccken von Salvatore Sciarrino, Mauricio Kagel oder Hugo Ball.<\/p>\n<p>Als Lieds\u00e4ngerin war sie mit Werken von Gustav Mahler, Richard Wagner, Ernst Krenek und zeitgen\u00f6ssischer Musik zu h\u00f6ren, z.B. im Wiener Konzerthaus und auf der Ruhrtriennale.<\/p>\n<hr \/>\n<p>Mezzo-soprano Anna Clare Hauf was born in London and grew up in Vienna. From 1997 she studied singing at the Vienna University of Music and Performing Arts. In her training with professors Rotraud Hansmann and Charles Spencer she focused mainly on lieder.<\/p>\n<p>In 2004 she graduated with distinction. In subsequent master courses she collaborated with Marjana Lipovsek and Wolfgang Holzmair, among others.<\/p>\n<p>Hauf has a special penchant for contemporary music, both in an operatic context and in concert performances. Her numerous collaborations in this field include productions by Neue Oper Wien, most recently P\u00e9ter E\u00f6tv\u00f6s\u2019s \u201cParadise reloaded (Lilith)\u201d, and by Klangforum Wien, e.g. Enno Poppe\u2019s \u201cIQ\u201d at the Schwetzinger SWR Festival 2011. Anna Hauf has also appeared at the Wien Modern Festival, e.g. in \u201cDas Kind der Seehundfrau\u201d, and in the 2014 performance of Bernhard Gander\u2019s sitcom opera \u201cDas Leben am Rande der Milchstra\u00dfe\u201d. Ensemble Federspiel\u2019s new adaptation of Ernst Krenek\u2019s opera \u201cJonny spielt auf\u201d also premiered in 2014, featuring Anna Hauf as a soloist. And in \u201c(K)eine Alpensage\u201d, a story with musical elements by Christof Dienz and Ela Baumann, commissioned by the Vienna Jeunesse, Hauf took on the singing part, the narrator.<\/p>\n<p>In concert performances Anna Clare Hauf has collaborated e.g. with Klangforum Wien, Nieder\u00f6sterreichische Tonk\u00fcnstler, Camerata Salzburg, the ensemble PHACE, and the recorder collective Plenum. She has appeared in premieres of works by Christian Muthspiel, Otto M. Zykan, Pierluigi Billone, Bernhard Lang and Lothar Voigtl\u00e4nder. In 2009 she also embarked on a collaboration with the Vienna Art Orchestra.<\/p>\n<p>As a singing actress and performer Anna Hauf appears regularly at the Wiener Kabinetttheater, e.g. in works by Salvatore Sciarrino, Mauricio Kagel or Hugo Ball. Her past performances as a lieder singer included works by Gustav Mahler, Richard Wagner, Ernst Krenek, as well as contemporary composers, e.g. at the Konzerthaus in Vienna and the Ruhrtriennale Festival.<\/p>\n","protected":false},"excerpt":{"rendered":"<p>Die S\u00e4ngerin Anna Clare Hauf, in London geboren und in Wien aufgewachsen, studierte an der Universit\u00e4t f\u00fcr Musik und darstellende Kunst in Wien Gesang. Schwerpunkt ihrer Ausbildung bei Rotraud Hansmann und Charles Spencer war der Liedgesang. Ihre besondere Vorliebe gilt &hellip; <a href=\"http:\/\/www.annaclarehauf.at\/wp_anna\/lebenslauf\">Weiterlesen <span class=\"meta-nav\">&rarr;<\/span><\/a><\/p>\n","protected":false},"author":1,"featured_media":0,"parent":0,"menu_order":20,"comment_status":"closed","ping_status":"closed","template":"","meta":{"footnotes":""},"class_list":["post-32","page","type-page","status-publish","hentry"],"aioseo_notices":[],"_links":{"self":[{"href":"http:\/\/www.annaclarehauf.at\/wp_anna\/wp-json\/wp\/v2\/pages\/32","targetHints":{"allow":["GET"]}}],"collection":[{"href":"http:\/\/www.annaclarehauf.at\/wp_anna\/wp-json\/wp\/v2\/pages"}],"about":[{"href":"http:\/\/www.annaclarehauf.at\/wp_anna\/wp-json\/wp\/v2\/types\/page"}],"author":[{"embeddable":true,"href":"http:\/\/www.annaclarehauf.at\/wp_anna\/wp-json\/wp\/v2\/users\/1"}],"replies":[{"embeddable":true,"href":"http:\/\/www.annaclarehauf.at\/wp_anna\/wp-json\/wp\/v2\/comments?post=32"}],"version-history":[{"count":25,"href":"http:\/\/www.annaclarehauf.at\/wp_anna\/wp-json\/wp\/v2\/pages\/32\/revisions"}],"predecessor-version":[{"id":1000,"href":"http:\/\/www.annaclarehauf.at\/wp_anna\/wp-json\/wp\/v2\/pages\/32\/revisions\/1000"}],"wp:attachment":[{"href":"http:\/\/www.annaclarehauf.at\/wp_anna\/wp-json\/wp\/v2\/media?parent=32"}],"curies":[{"name":"wp","href":"https:\/\/api.w.org\/{rel}","templated":true}]}}